{"id":656,"date":"2026-02-22T23:17:41","date_gmt":"2026-02-22T22:17:41","guid":{"rendered":"https:\/\/perspective-productions.com\/?page_id=656"},"modified":"2026-02-23T22:22:40","modified_gmt":"2026-02-23T21:22:40","slug":"qui","status":"publish","type":"page","link":"https:\/\/perspective-productions.com\/index.php\/fr\/qui\/","title":{"rendered":"Qui sommes nous ?"},"content":{"rendered":"\n<p><strong>Perspective<\/strong> est une compagnie de th\u00e9\u00e2tre fond\u00e9e en 2020 par Alexiane Cazenave, dont l\u2019objectif est de produire des pi\u00e8ces de th\u00e9\u00e2tre port\u00e9es par des voix artistiques fortes, avec des angles singuliers.<\/p>\n\n\n\n<p>Pour l\u2019instant, Perspective se concentre principalement sur la fiction, avec des pi\u00e8ces pour diff\u00e9rents publics, des plus jeunes aux plus grands!<\/p>\n\n\n\n<h4 class=\"wp-block-heading\">C&#8217;est nous :<\/h4>\n\n\n\n<div class=\"wp-block-columns is-layout-flex wp-container-core-columns-is-layout-9d6595d7 wp-block-columns-is-layout-flex\">\n<div class=\"wp-block-column is-layout-flow wp-block-column-is-layout-flow\">\n<figure class=\"wp-block-image size-large\"><img loading=\"lazy\" decoding=\"async\" width=\"724\" height=\"1024\" src=\"https:\/\/perspective-productions.com\/wp-content\/uploads\/2024\/03\/Alexiane-portrait-724x1024.jpeg\" alt=\"\" class=\"wp-image-403\" srcset=\"https:\/\/perspective-productions.com\/wp-content\/uploads\/2024\/03\/Alexiane-portrait-724x1024.jpeg 724w, https:\/\/perspective-productions.com\/wp-content\/uploads\/2024\/03\/Alexiane-portrait-212x300.jpeg 212w, https:\/\/perspective-productions.com\/wp-content\/uploads\/2024\/03\/Alexiane-portrait-768x1086.jpeg 768w, https:\/\/perspective-productions.com\/wp-content\/uploads\/2024\/03\/Alexiane-portrait-1086x1536.jpeg 1086w, https:\/\/perspective-productions.com\/wp-content\/uploads\/2024\/03\/Alexiane-portrait.jpeg 1414w\" sizes=\"auto, (max-width: 724px) 100vw, 724px\" \/><\/figure>\n<\/div>\n\n\n\n<div class=\"wp-block-column is-layout-flow wp-block-column-is-layout-flow\">\n<figure class=\"wp-block-image\"><img loading=\"lazy\" decoding=\"async\" width=\"724\" height=\"1024\" src=\"http:\/\/perspective-productions.com\/wp-content\/uploads\/2024\/03\/Laura-portrait-724x1024.jpeg\" alt=\"\" class=\"wp-image-405\" srcset=\"https:\/\/perspective-productions.com\/wp-content\/uploads\/2024\/03\/Laura-portrait-724x1024.jpeg 724w, https:\/\/perspective-productions.com\/wp-content\/uploads\/2024\/03\/Laura-portrait-212x300.jpeg 212w, https:\/\/perspective-productions.com\/wp-content\/uploads\/2024\/03\/Laura-portrait-768x1086.jpeg 768w, https:\/\/perspective-productions.com\/wp-content\/uploads\/2024\/03\/Laura-portrait-1086x1536.jpeg 1086w, https:\/\/perspective-productions.com\/wp-content\/uploads\/2024\/03\/Laura-portrait.jpeg 1414w\" sizes=\"auto, (max-width: 724px) 100vw, 724px\" \/><\/figure>\n<\/div>\n\n\n\n<div class=\"wp-block-column is-layout-flow wp-block-column-is-layout-flow\">\n<figure class=\"wp-block-image\"><img loading=\"lazy\" decoding=\"async\" width=\"724\" height=\"1024\" src=\"http:\/\/perspective-productions.com\/wp-content\/uploads\/2024\/03\/Portrait-Photography-A4-Documents-724x1024.jpeg\" alt=\"\" class=\"wp-image-406\" srcset=\"https:\/\/perspective-productions.com\/wp-content\/uploads\/2024\/03\/Portrait-Photography-A4-Documents-724x1024.jpeg 724w, https:\/\/perspective-productions.com\/wp-content\/uploads\/2024\/03\/Portrait-Photography-A4-Documents-212x300.jpeg 212w, https:\/\/perspective-productions.com\/wp-content\/uploads\/2024\/03\/Portrait-Photography-A4-Documents-768x1086.jpeg 768w, https:\/\/perspective-productions.com\/wp-content\/uploads\/2024\/03\/Portrait-Photography-A4-Documents-1086x1536.jpeg 1086w, https:\/\/perspective-productions.com\/wp-content\/uploads\/2024\/03\/Portrait-Photography-A4-Documents.jpeg 1414w\" sizes=\"auto, (max-width: 724px) 100vw, 724px\" \/><\/figure>\n<\/div>\n<\/div>\n\n\n\n<div class=\"wp-block-columns is-layout-flex wp-container-core-columns-is-layout-9d6595d7 wp-block-columns-is-layout-flex\">\n<div class=\"wp-block-column is-layout-flow wp-block-column-is-layout-flow\">\n<figure class=\"wp-block-image\"><img loading=\"lazy\" decoding=\"async\" width=\"724\" height=\"1024\" src=\"http:\/\/perspective-productions.com\/wp-content\/uploads\/2024\/03\/Guillaume-portrait-1-724x1024.jpeg\" alt=\"\" class=\"wp-image-407\" srcset=\"https:\/\/perspective-productions.com\/wp-content\/uploads\/2024\/03\/Guillaume-portrait-1-724x1024.jpeg 724w, https:\/\/perspective-productions.com\/wp-content\/uploads\/2024\/03\/Guillaume-portrait-1-212x300.jpeg 212w, https:\/\/perspective-productions.com\/wp-content\/uploads\/2024\/03\/Guillaume-portrait-1-768x1086.jpeg 768w, https:\/\/perspective-productions.com\/wp-content\/uploads\/2024\/03\/Guillaume-portrait-1-1086x1536.jpeg 1086w, https:\/\/perspective-productions.com\/wp-content\/uploads\/2024\/03\/Guillaume-portrait-1.jpeg 1414w\" sizes=\"auto, (max-width: 724px) 100vw, 724px\" \/><\/figure>\n<\/div>\n\n\n\n<div class=\"wp-block-column is-layout-flow wp-block-column-is-layout-flow\"><\/div>\n\n\n\n<div class=\"wp-block-column is-layout-flow wp-block-column-is-layout-flow\"><\/div>\n<\/div>\n\n\n\n<p>\u00a9 2026 Perspective Productions. All rights reserved.<\/p>\n\n\n\n<p><\/p>\n","protected":false},"excerpt":{"rendered":"<p>Perspective est une compagnie de th\u00e9\u00e2tre fond\u00e9e en 2020 par Alexiane Cazenave, dont l\u2019objectif est de produire des pi\u00e8ces de th\u00e9\u00e2tre port\u00e9es par des voix artistiques fortes, avec des angles singuliers. Pour l\u2019instant, Perspective se concentre principalement sur la fiction, avec des pi\u00e8ces pour diff\u00e9rents publics, des plus jeunes aux [&hellip;]<\/p>\n","protected":false},"author":1,"featured_media":0,"parent":0,"menu_order":0,"comment_status":"closed","ping_status":"closed","template":"","meta":{"footnotes":""},"class_list":["post-656","page","type-page","status-publish","hentry"],"_links":{"self":[{"href":"https:\/\/perspective-productions.com\/index.php\/wp-json\/wp\/v2\/pages\/656","targetHints":{"allow":["GET"]}}],"collection":[{"href":"https:\/\/perspective-productions.com\/index.php\/wp-json\/wp\/v2\/pages"}],"about":[{"href":"https:\/\/perspective-productions.com\/index.php\/wp-json\/wp\/v2\/types\/page"}],"author":[{"embeddable":true,"href":"https:\/\/perspective-productions.com\/index.php\/wp-json\/wp\/v2\/users\/1"}],"replies":[{"embeddable":true,"href":"https:\/\/perspective-productions.com\/index.php\/wp-json\/wp\/v2\/comments?post=656"}],"version-history":[{"count":5,"href":"https:\/\/perspective-productions.com\/index.php\/wp-json\/wp\/v2\/pages\/656\/revisions"}],"predecessor-version":[{"id":703,"href":"https:\/\/perspective-productions.com\/index.php\/wp-json\/wp\/v2\/pages\/656\/revisions\/703"}],"wp:attachment":[{"href":"https:\/\/perspective-productions.com\/index.php\/wp-json\/wp\/v2\/media?parent=656"}],"curies":[{"name":"wp","href":"https:\/\/api.w.org\/{rel}","templated":true}]}}