{"id":635,"date":"2026-02-22T22:45:08","date_gmt":"2026-02-22T21:45:08","guid":{"rendered":"https:\/\/perspective-productions.com\/?page_id=635"},"modified":"2026-03-01T14:43:09","modified_gmt":"2026-03-01T13:43:09","slug":"theatre-pour-enfants","status":"publish","type":"page","link":"https:\/\/perspective-productions.com\/index.php\/fr\/theatre-pour-enfants\/","title":{"rendered":"Th\u00e9\u00e2tre pour enfants"},"content":{"rendered":"\n<p class=\"has-text-align-center\"><strong>Notre nouvelle cr\u00e9ation arrive !<\/strong><br>Inspir\u00e9s par l&#8217;\u00e9v\u00e9nement <a href=\"https:\/\/www.partir-en-livre.fr\/\">Partir en livre <\/a> (juin et juillet prochains), nous avons d\u00e9cid\u00e9 de cr\u00e9er une pi\u00e8ce originale autour du th\u00e8me &#8220;nos petits et grands h\u00e9ros&#8221;.<\/p>\n\n\n\n<div class=\"wp-block-columns is-layout-flex wp-container-core-columns-is-layout-9d6595d7 wp-block-columns-is-layout-flex\">\n<div class=\"wp-block-column is-layout-flow wp-block-column-is-layout-flow\" style=\"flex-basis:100%\">\n<div class=\"wp-block-columns is-layout-flex wp-container-core-columns-is-layout-9d6595d7 wp-block-columns-is-layout-flex\">\n<div class=\"wp-block-column is-layout-flow wp-block-column-is-layout-flow\"><div class=\"wp-block-image is-style-rounded\">\n<figure class=\"aligncenter size-large is-resized\"><img loading=\"lazy\" decoding=\"async\" width=\"324\" height=\"576\" src=\"https:\/\/perspective-productions.com\/wp-content\/uploads\/2026\/02\/Pages-blanches-livre-blanc-edited-2.png\" alt=\"\" class=\"wp-image-714\" style=\"width:228px;height:auto\" srcset=\"https:\/\/perspective-productions.com\/wp-content\/uploads\/2026\/02\/Pages-blanches-livre-blanc-edited-2.png 324w, https:\/\/perspective-productions.com\/wp-content\/uploads\/2026\/02\/Pages-blanches-livre-blanc-edited-2-169x300.png 169w\" sizes=\"auto, (max-width: 324px) 100vw, 324px\" \/><\/figure><\/div><\/div>\n\n\n\n<div class=\"wp-block-column is-layout-flow wp-block-column-is-layout-flow\"><div class=\"wp-block-image is-style-default\">\n<figure class=\"aligncenter size-large is-resized\"><img loading=\"lazy\" decoding=\"async\" width=\"1125\" height=\"2000\" src=\"https:\/\/perspective-productions.com\/wp-content\/uploads\/2026\/02\/PAS-SAGE-L-image-edited.png\" alt=\"\" class=\"wp-image-711\" style=\"width:229px;height:auto\" srcset=\"https:\/\/perspective-productions.com\/wp-content\/uploads\/2026\/02\/PAS-SAGE-L-image-edited.png 1125w, https:\/\/perspective-productions.com\/wp-content\/uploads\/2026\/02\/PAS-SAGE-L-image-edited-169x300.png 169w, https:\/\/perspective-productions.com\/wp-content\/uploads\/2026\/02\/PAS-SAGE-L-image-edited-576x1024.png 576w, https:\/\/perspective-productions.com\/wp-content\/uploads\/2026\/02\/PAS-SAGE-L-image-edited-768x1365.png 768w, https:\/\/perspective-productions.com\/wp-content\/uploads\/2026\/02\/PAS-SAGE-L-image-edited-864x1536.png 864w\" sizes=\"auto, (max-width: 1125px) 100vw, 1125px\" \/><\/figure><\/div><\/div>\n\n\n\n<div class=\"wp-block-column is-layout-flow wp-block-column-is-layout-flow\"><div class=\"wp-block-image is-style-rounded\">\n<figure class=\"aligncenter size-large is-resized\"><img loading=\"lazy\" decoding=\"async\" width=\"388\" height=\"690\" src=\"https:\/\/perspective-productions.com\/wp-content\/uploads\/2026\/02\/Pages-blanches-livre-blanc-edited-1.png\" alt=\"\" class=\"wp-image-712\" style=\"width:228px;height:auto\" srcset=\"https:\/\/perspective-productions.com\/wp-content\/uploads\/2026\/02\/Pages-blanches-livre-blanc-edited-1.png 388w, https:\/\/perspective-productions.com\/wp-content\/uploads\/2026\/02\/Pages-blanches-livre-blanc-edited-1-169x300.png 169w\" sizes=\"auto, (max-width: 388px) 100vw, 388px\" \/><\/figure><\/div><\/div>\n<\/div>\n<\/div>\n<\/div>\n\n\n\n<p class=\"has-text-align-center\"><\/p>\n\n\n\n<h2 class=\"wp-block-heading\"><strong><strong>Et si les h\u00e9ros de nos livres d\u2019enfance avaient besoin de nous pour exister ?<\/strong><\/strong><\/h2>\n\n\n\n<p>Dans cette cr\u00e9ation originale, une biblioth\u00e9caire discr\u00e8te croise le chemin de l\u2019h\u00e9ro\u00efne chipie qui a marqu\u00e9 son enfance\u2026 mais celle-ci dispara\u00eet peu \u00e0 peu, oubli\u00e9e par les jeunes lecteurs. Ensemble, elles partent dans une aventure pleine de surprises et se trouvent dans des situations improbables pour la sauver.<\/p>\n\n\n\n<p>La pi\u00e8ce explore le plaisir de lire  et la force que l&#8217;on peut trouver dans une histoire. Le public est entra\u00een\u00e9 dans une qu\u00eate o\u00f9 chaque page compte : &#8220;Pas sage l&#8217;image&#8221; est une exp\u00e9rience th\u00e9\u00e2trale qui fait vibrer la lecture, r\u00e9veille la curiosit\u00e9 et transmet la joie de partager des histoires !<\/p>\n\n\n\n<p class=\"has-text-align-center\"><strong>Int\u00e9ress\u00e9 ?<\/strong> <strong>Contactez-nous pour programmer le spectacle, disponible \u00e0 partir de fin Mai 2026.<\/strong><\/p>\n\n\n<div class=\"wpforms-container wpforms-container-full\" id=\"wpforms-352\"><form id=\"wpforms-form-352\" class=\"wpforms-validate wpforms-form\" data-formid=\"352\" method=\"post\" enctype=\"multipart\/form-data\" action=\"\/index.php\/wp-json\/wp\/v2\/pages\/635\" data-token=\"5f3512933451454e14d63229d7cb73cf\"><noscript class=\"wpforms-error-noscript\">Please enable JavaScript in your browser to complete this form.<\/noscript><div class=\"wpforms-field-container\"><div id=\"wpforms-352-field_0-container\" class=\"wpforms-field wpforms-field-name\" data-field-id=\"0\"><label class=\"wpforms-field-label\" for=\"wpforms-352-field_0\">Name <span class=\"wpforms-required-label\">*<\/span><\/label><div class=\"wpforms-field-row wpforms-field-medium\"><div class=\"wpforms-field-row-block wpforms-first wpforms-one-half\"><input type=\"text\" id=\"wpforms-352-field_0\" class=\"wpforms-field-name-first wpforms-field-required\" name=\"wpforms[fields][0][first]\" required><label for=\"wpforms-352-field_0\" class=\"wpforms-field-sublabel after \">First<\/label><\/div><div class=\"wpforms-field-row-block wpforms-one-half\"><input type=\"text\" id=\"wpforms-352-field_0-last\" class=\"wpforms-field-name-last wpforms-field-required\" name=\"wpforms[fields][0][last]\" required><label for=\"wpforms-352-field_0-last\" class=\"wpforms-field-sublabel after \">Last<\/label><\/div><\/div><\/div><div id=\"wpforms-352-field_1-container\" class=\"wpforms-field wpforms-field-email\" data-field-id=\"1\"><label class=\"wpforms-field-label\" for=\"wpforms-352-field_1\">Email <span class=\"wpforms-required-label\">*<\/span><\/label><input type=\"email\" id=\"wpforms-352-field_1\" class=\"wpforms-field-medium wpforms-field-required\" name=\"wpforms[fields][1]\" required><\/div><div id=\"wpforms-352-field_2-container\" class=\"wpforms-field wpforms-field-textarea\" data-field-id=\"2\"><label class=\"wpforms-field-label\" for=\"wpforms-352-field_2\">Comment or Message <span class=\"wpforms-required-label\">*<\/span><\/label><textarea id=\"wpforms-352-field_2\" class=\"wpforms-field-medium wpforms-field-required\" name=\"wpforms[fields][2]\" required><\/textarea><\/div><\/div><div class=\"wpforms-recaptcha-container\" ><div class=\"g-recaptcha\" data-sitekey=\"6LcrPfIZAAAAADWaxYGD0zGdu3bHT896ThPcNKnN\"><\/div><input type=\"text\" name=\"g-recaptcha-hidden\" class=\"wpforms-recaptcha-hidden\" style=\"position:absolute!important;clip:rect(0,0,0,0)!important;height:1px!important;width:1px!important;border:0!important;overflow:hidden!important;padding:0!important;margin:0!important;\" required><\/div><div class=\"wpforms-submit-container\" ><input type=\"hidden\" name=\"wpforms[id]\" value=\"352\"><input type=\"hidden\" name=\"wpforms[author]\" value=\"1\"><button type=\"submit\" name=\"wpforms[submit]\" class=\"wpforms-submit \" id=\"wpforms-submit-352\" value=\"wpforms-submit\" aria-live=\"assertive\" data-alt-text=\"Sending...\" data-submit-text=\"Submit\">Submit<\/button><\/div><\/form><\/div>  <!-- .wpforms-container -->\n\n<div class=\"wp-block-image is-style-rounded\">\n<figure class=\"aligncenter size-large\"><img loading=\"lazy\" decoding=\"async\" width=\"425\" height=\"239\" src=\"https:\/\/perspective-productions.com\/wp-content\/uploads\/2026\/02\/ChatGPT-Image-Feb-24-2026-02_37_01-PM-edited.png\" alt=\"\" class=\"wp-image-721\" srcset=\"https:\/\/perspective-productions.com\/wp-content\/uploads\/2026\/02\/ChatGPT-Image-Feb-24-2026-02_37_01-PM-edited.png 425w, https:\/\/perspective-productions.com\/wp-content\/uploads\/2026\/02\/ChatGPT-Image-Feb-24-2026-02_37_01-PM-edited-300x169.png 300w\" sizes=\"auto, (max-width: 425px) 100vw, 425px\" \/><\/figure><\/div>\n\n\n<p><br><\/p>\n","protected":false},"excerpt":{"rendered":"<p>Notre nouvelle cr\u00e9ation arrive !Inspir\u00e9s par l&#8217;\u00e9v\u00e9nement Partir en livre (juin et juillet prochains), nous avons d\u00e9cid\u00e9 de cr\u00e9er une pi\u00e8ce originale autour du th\u00e8me &#8220;nos petits et grands h\u00e9ros&#8221;. Et si les h\u00e9ros de nos livres d\u2019enfance avaient besoin de nous pour exister ? Dans cette cr\u00e9ation originale, une [&hellip;]<\/p>\n","protected":false},"author":1,"featured_media":0,"parent":0,"menu_order":0,"comment_status":"closed","ping_status":"closed","template":"","meta":{"footnotes":""},"class_list":["post-635","page","type-page","status-publish","hentry"],"_links":{"self":[{"href":"https:\/\/perspective-productions.com\/index.php\/wp-json\/wp\/v2\/pages\/635","targetHints":{"allow":["GET"]}}],"collection":[{"href":"https:\/\/perspective-productions.com\/index.php\/wp-json\/wp\/v2\/pages"}],"about":[{"href":"https:\/\/perspective-productions.com\/index.php\/wp-json\/wp\/v2\/types\/page"}],"author":[{"embeddable":true,"href":"https:\/\/perspective-productions.com\/index.php\/wp-json\/wp\/v2\/users\/1"}],"replies":[{"embeddable":true,"href":"https:\/\/perspective-productions.com\/index.php\/wp-json\/wp\/v2\/comments?post=635"}],"version-history":[{"count":13,"href":"https:\/\/perspective-productions.com\/index.php\/wp-json\/wp\/v2\/pages\/635\/revisions"}],"predecessor-version":[{"id":772,"href":"https:\/\/perspective-productions.com\/index.php\/wp-json\/wp\/v2\/pages\/635\/revisions\/772"}],"wp:attachment":[{"href":"https:\/\/perspective-productions.com\/index.php\/wp-json\/wp\/v2\/media?parent=635"}],"curies":[{"name":"wp","href":"https:\/\/api.w.org\/{rel}","templated":true}]}}